{"id":26,"date":"2016-03-03T15:19:01","date_gmt":"2016-03-03T22:19:01","guid":{"rendered":"https:\/\/live-erma-bombeck.pantheonsite.io\/?page_id=26"},"modified":"2024-12-10T04:33:14","modified_gmt":"2024-12-10T11:33:14","slug":"recipient","status":"publish","type":"page","link":"https:\/\/ermabombeckproject.org\/es\/recipient\/","title":{"rendered":"Receptores"},"content":{"rendered":"<h1 style=\"text-align: center;\">Informaci\u00f3n para receptores<\/h1>\n<p>&nbsp;<\/p>\n<h1 style=\"text-align: center;\"><img loading=\"lazy\" decoding=\"async\" class=\"alignnone size-full wp-image-166\" src=\"https:\/\/live-erma-bombeck.pantheonsite.io\/wp-content\/uploads\/2016\/03\/NKFAZ-Erma_Web_Banners_0007_iStock_000021440887_Full.jpg\" alt=\"NKFAZ-Erma_Web_Banners_0007_iStock_000021440887_Full\" width=\"1840\" height=\"552\" srcset=\"https:\/\/ermabombeckproject.org\/wp-content\/uploads\/2016\/03\/NKFAZ-Erma_Web_Banners_0007_iStock_000021440887_Full.jpg 920w, https:\/\/ermabombeckproject.org\/wp-content\/uploads\/2016\/03\/NKFAZ-Erma_Web_Banners_0007_iStock_000021440887_Full-300x90.jpg 300w\" sizes=\"auto, (max-width: 1840px) 100vw, 1840px\" \/><\/h1>\n<h1 style=\"text-align: center;\"><\/h1>\n<h3>Convertirse en Receptor de Ri\u00f1\u00f3n<\/h3>\n<p>Para recibir un trasplante de ri\u00f1\u00f3n, primero debes ser evaluado  por un centro de trasplantes (debe ser un hospital especializado, no todos realizan trasplantes). La evaluaci\u00f3n se usa para asegurarse de que seas un buen candidato y esto debe realizarse antes de que puedas ser considerado para una posible donaci\u00f3n en vida. Si a\u00fan no has sido evaluado para un trasplante, puedes:<\/p>\n<ul>\n<li>Pedir a tu m\u00e9dico que te derive  a un centro de trasplantes<\/li>\n<\/ul>\n<p>O bien<\/p>\n<ul>\n<li>Buscar y contactar\u00a0<a href=\"http:\/\/www.srtr.org\/csr\/current\/Centers\/Default.aspx\" target=\"_blank\" rel=\"noopener\">centros de trasplante en EE. UU.\u00a0<\/a>en tu \u00e1rea.  Llama y pregunta por el \u201cCoordinador de Trasplantes Renales\u201d, generalmente es un enfermero especializado, quien podr\u00e1 orientarte al respecto.<\/li>\n<\/ul>\n<p>Luego de esto, contacta a tu centro de trasplantes para conocer las opciones de donante vivo y no vivo. Aseg\u00farate de estar inscrito en la lista de espera para un trasplante de donante no vivo, incluso si prefieres obtener un ri\u00f1\u00f3n de un donante vivo.\u2020<\/p>\n<p>&nbsp;<\/p>\n<h3>Di\u00e1lisis vs. Trasplante<\/h3>\n<p><strong>Di\u00e1lisis:<\/strong> La di\u00e1lisis hace artificialmente el trabajo que realizan los ri\u00f1ones sanos. Para ello, una m\u00e1quina bombea la sangre fuera del cuerpo, la limpia y la devuelve al cuerpo. Hay dos tipos de di\u00e1lisis: hemodi\u00e1lisis y di\u00e1lisis peritoneal. La hemodi\u00e1lisis se realiza varias veces a la semana y toma de tres a cinco horas por sesi\u00f3n; mientras que la di\u00e1lisis peritoneal debe realizarse a diario.<\/p>\n<p>A pesar de que todav\u00eda no existe una cura para la enfermedad renal, los tratamientos de di\u00e1lisis brindan una forma de continuar purificando la sangre cuando el ri\u00f1\u00f3n ya no puede hacerlo por s\u00ed mismo.<\/p>\n<p><strong>Trasplante:<\/strong> Un trasplante de ri\u00f1\u00f3n es un procedimiento quir\u00farjico  en el que una persona con insuficiencia renal recibe un ri\u00f1\u00f3n nuevo. El nuevo ri\u00f1\u00f3n se encargar\u00e1 de purificar la sangre en el organismo. A diferencia de muchos otros \u00f3rganos, un ri\u00f1\u00f3n se puede obtener de un donante vivo o no vivo. Si bien un trasplante puede proporcionar una mejor calidad de vida y una mayor esperanza de vida para el receptor en comparaci\u00f3n con la di\u00e1lisis, es esencial que tanto donantes como receptores comprendan el procedimiento y sean conscientes de los riesgos involucrados.<\/p>\n<p>&nbsp;<\/p>\n<h3>Lectura recomendada:  \u201cIn Pursuit of A Better Life: The Ultimate Guide to Finding Living Kidney Donors\u201d<\/h3>\n<p>\u00bfEst\u00e1s en busca de un donante vivo de ri\u00f1\u00f3n? Esta nueva publicaci\u00f3n, escrita por Risa Simon, conferencista motivacional, defensora de pacientes y receptora de un trasplante de ri\u00f1\u00f3n preventivo (donante vivo), ofrece herramientas y sugerencias para este proceso. A trav\u00e9s de la autorrepresentaci\u00f3n, los candidatos a trasplante encontrar\u00e1n poderosas estrategias de comunicaci\u00f3n, ejemplos de difusi\u00f3n de mensajes, plantillas de cartas y estrategias proactivas para crear la conciencia necesaria y el inter\u00e9s en la donaci\u00f3n de ri\u00f1\u00f3n en vida. Obt\u00e9n m\u00e1s informaci\u00f3n en:\u00a0<a href=\"https:\/\/transplantfirst.org\/finding-kidney-donors\/\">https:\/\/transplantfirst.org\/finding-kidney-donors\/\u00a0<\/a><\/p>\n<p>&nbsp;<\/p>\n<p><strong>Recursos para receptores<\/strong><\/p>\n<p><a href=\"http:\/\/transplantliving.org\/\" target=\"_blank\" rel=\"noopener\">UNOS Transplant Living - UNOS Red Unida para Compartir \u00d3rganos<\/a><br \/>\nTransplant Living es un sitio web de la United Network for Organ Sharing (UNOS),  centrado en el paciente y con informaci\u00f3n para aquellos que buscan  un trasplante activamente.<\/p>\n<p><a href=\"https:\/\/www.kidney.org\/transplantation\/livingDonors\/\" target=\"_blank\" rel=\"noopener\">National Kidney Foundation<\/a><br \/>\nLa NKF facilita un programa de mentores  que conecta a pacientes con personas  que han vivido la experiencia de la di\u00e1lisis o el trasplante renal. Llama al 855-653-7337 (855-NKF-PEER) o env\u00eda un correo electr\u00f3nico a\u00a0<a href=\"mailto:nkfpeers@kidney.org\">nkfpeers@kidney.org<\/a>.<\/p>\n<p><a href=\"https:\/\/transplantfirst.org\/finding-kidney-donors\/\">\u201cIn Pursuit of A Better Life: The Ultimate Guide to Finding Living Kidney Donors\u201d<\/a><br \/>\n\u00bfEst\u00e1s en busca de un donante vivo de ri\u00f1\u00f3n? Esta nueva publicaci\u00f3n, escrita por Risa Simon, conferencista motivacional, defensora de pacientes y receptora de un trasplante de ri\u00f1\u00f3n preventivo (donante vivo), ofrece herramientas y sugerencias para este proceso. A trav\u00e9s de la autorrepresentaci\u00f3n, los candidatos a trasplante encontrar\u00e1n poderosas estrategias de comunicaci\u00f3n, ejemplos de difusi\u00f3n de mensajes, plantillas de cartas y estrategias proactivas para crear la conciencia necesaria y el inter\u00e9s en la donaci\u00f3n de ri\u00f1\u00f3n en vida.<\/p>\n<p><a href=\"http:\/\/paireddonation.org\/\" target=\"_blank\" rel=\"noopener\">Alliance for Paired Kidney Donations<\/a>\u2122<\/p>\n<p><a href=\"http:\/\/kidneyregistry.org\/\" target=\"_blank\" rel=\"noopener\">National Kidney Registry\u00ae<\/a><\/p>\n<p><a href=\"http:\/\/www.cms.hhs.gov\/\">Centros de Servicios de Medicare y Medicaid<\/a><\/p>\n<p>Haz click <a href=\"http:\/\/www.srtr.org\/csr\/current\/Centers\/Default.aspx\" target=\"_blank\" rel=\"noopener\">aqu\u00ed<\/a> para encontrar un centro de trasplante en tu \u00e1rea.<\/p>\n<p><em>\u2020 Informaci\u00f3n proporcionada por la National Kidney Foundation,\u00a0<a href=\"http:\/\/www.kidney.org\">www.kidney.org<\/a><\/em><\/p>\n<p>&nbsp;<\/p>\n<p><strong>M\u00e1s recursos para receptores<\/strong><\/p>\n<p>Adem\u00e1s de su ya publicada <em><a href=\"https:\/\/azkidney.org\/sites\/default\/files\/EBP_LivingDonorGuide_022814%20FINAL%20PRINT.pdf\">Living Donor Guide<\/a><\/em>, El Proyecto Erma Bombeck busca expandir la conciencia y la educaci\u00f3n a trav\u00e9s de la creaci\u00f3n de una Gu\u00eda para Receptores de Trasplante de Ri\u00f1\u00f3n. El objetivo es obtener el financiamiento y los recursos de colaboraci\u00f3n necesarios para crear esta importante gu\u00eda complementaria.<\/p>\n<p>\u00a1Tu apoyo significa un mayor alcance para aquellos que est\u00e1n dispuestos a dar un regalo de vida! Para saber c\u00f3mo puedes ayudar, visita la secci\u00f3n<strong> <a href=\"https:\/\/ermabombeckproject.org\/es\/contact-us\/\">Cont\u00e1ctanos<\/a> <\/strong>en nuestra p\u00e1gina y env\u00edanos tus preguntas. Todos podemos ayudar a disminuir la brecha entre la cantidad de personas que necesita un ri\u00f1\u00f3n y la cantidad de ri\u00f1ones disponibles.<\/p>","protected":false},"excerpt":{"rendered":"<p>Informaci\u00f3n del destinatario Ser receptor de un ri\u00f1\u00f3n Para recibir un trasplante de ri\u00f1\u00f3n, primero debe ser evaluado para [\u2026]<\/p>","protected":false},"author":1,"featured_media":0,"parent":0,"menu_order":0,"comment_status":"closed","ping_status":"closed","template":"","meta":{"_acf_changed":false,"footnotes":""},"class_list":["post-26","page","type-page","status-publish","hentry"],"acf":[],"_links":{"self":[{"href":"https:\/\/ermabombeckproject.org\/es\/wp-json\/wp\/v2\/pages\/26","targetHints":{"allow":["GET"]}}],"collection":[{"href":"https:\/\/ermabombeckproject.org\/es\/wp-json\/wp\/v2\/pages"}],"about":[{"href":"https:\/\/ermabombeckproject.org\/es\/wp-json\/wp\/v2\/types\/page"}],"author":[{"embeddable":true,"href":"https:\/\/ermabombeckproject.org\/es\/wp-json\/wp\/v2\/users\/1"}],"replies":[{"embeddable":true,"href":"https:\/\/ermabombeckproject.org\/es\/wp-json\/wp\/v2\/comments?post=26"}],"version-history":[{"count":26,"href":"https:\/\/ermabombeckproject.org\/es\/wp-json\/wp\/v2\/pages\/26\/revisions"}],"predecessor-version":[{"id":339,"href":"https:\/\/ermabombeckproject.org\/es\/wp-json\/wp\/v2\/pages\/26\/revisions\/339"}],"wp:attachment":[{"href":"https:\/\/ermabombeckproject.org\/es\/wp-json\/wp\/v2\/media?parent=26"}],"curies":[{"name":"gracias","href":"https:\/\/api.w.org\/{rel}","templated":true}]}}