{"id":24,"date":"2016-03-03T15:18:42","date_gmt":"2016-03-03T22:18:42","guid":{"rendered":"https:\/\/live-erma-bombeck.pantheonsite.io\/?page_id=24"},"modified":"2023-07-05T17:21:55","modified_gmt":"2023-07-06T00:21:55","slug":"living-donors","status":"publish","type":"page","link":"https:\/\/ermabombeckproject.org\/es\/living-donors\/","title":{"rendered":"Donantes vivos"},"content":{"rendered":"<h1 style=\"text-align: center;\">Informaci\u00f3n sobre donantes vivos<\/h1>\n<p>&nbsp;<\/p>\n<p><img loading=\"lazy\" decoding=\"async\" class=\"alignnone size-full wp-image-44\" src=\"https:\/\/live-erma-bombeck.pantheonsite.io\/wp-content\/uploads\/2016\/03\/blog-1@2x.jpg\" alt=\"blog-1@2x\" width=\"1840\" height=\"552\" srcset=\"https:\/\/ermabombeckproject.org\/wp-content\/uploads\/2016\/03\/blog-1@2x.jpg 1840w, https:\/\/ermabombeckproject.org\/wp-content\/uploads\/2016\/03\/blog-1@2x-300x90.jpg 300w, https:\/\/ermabombeckproject.org\/wp-content\/uploads\/2016\/03\/blog-1@2x-768x230.jpg 768w, https:\/\/ermabombeckproject.org\/wp-content\/uploads\/2016\/03\/blog-1@2x-1024x307.jpg 1024w\" sizes=\"auto, (max-width: 1840px) 100vw, 1840px\" \/><\/p>\n<p>&nbsp;<\/p>\n<p>Existe una necesidad urgente de donaci\u00f3n renal y los ri\u00f1ones tienen una ventaja \u00fanica: son uno de los pocos \u00f3rganos que puede trasplantarse de un donante vivo. La mayor\u00eda de las personas nace con dos ri\u00f1ones y, dado que muchas pueden vivir una vida larga y saludable con s\u00f3lo uno, esto abre las puertas a la donaci\u00f3n en vida. Para ser donante vivo, se debe gozar de buena salud en general y cumplir con los requisitos espec\u00edficos del centro de trasplantes con el que se est\u00e9 trabajando.<\/p>\n<p>Cuando alguien que vive con insuficiencia renal recibe un trasplante de ri\u00f1\u00f3n, especialmente de un donante vivo, se obtiene resultados inmediatos. El nuevo ri\u00f1\u00f3n comienza a eliminar las toxinas del cuerpo del receptor en cuesti\u00f3n de horas, y muchas otras complicaciones de salud derivadas de la insuficiencia renal se revierten o ralentizan.  El receptor recupera su energ\u00eda y ya no necesita programar su vida en torno a una m\u00e1quina de di\u00e1lisis.<\/p>\n<p>\u00bfQu\u00e9 es a\u00fan m\u00e1s sorprendente acerca de la donaci\u00f3n de ri\u00f1\u00f3n en vida? Los ri\u00f1ones trasplantados de donantes vivos proporcionan hasta el doble de a\u00f1os de funci\u00f3n en comparaci\u00f3n con un ri\u00f1\u00f3n de donante no vivo. Cuando se dona un ri\u00f1\u00f3n, no s\u00f3lo mejora la calidad de vida del receptor, sino tambi\u00e9n la de sus seres queridos. En palabras de muchos generosos donantes, \u201cdonar en vida ha sido una de las experiencias m\u00e1s significativas de sus vidas\".<\/p>\n<p>&nbsp;<\/p>\n<div class=\"block pv30\"><div class=\"block-content block-widget_defero_videos_widget clear-block\" id=\"instance-defero_videos_widget-2\"><h1 class=\"text-center\">La experiencia del donante<\/h1>\t\t\r\n\t\t\t\t\r\n\t\t<div class=\"row\">\r\n\t\t\t\t\t\t\t\t\t\r\n\t\t\t<div class=\"col-sm-6 col-md-6\">\r\n\t\t\t\t<div class=\"thumbnail\">\r\n\t\t\t\t\t<a class=\"swipebox\" rel=\"video-112\" href=\"https:\/\/www.youtube.com\/watch?v=NwRWkgvHsR4\">\r\n\t\t\t\t\t\t<img decoding=\"async\" src=\"https:\/\/ermabombeckproject.org\/wp-content\/uploads\/video_images\/2023\/12\/what-is-the-transplant-process-l.jpg\" class=\"responsive video-thumb\" width=\"1280\" \/>\r\n                        <img decoding=\"async\" src=\"https:\/\/ermabombeckproject.org\/wp-content\/themes\/ermabombeck\/img\/play-btn.png\" class=\"responsive video-overlay-play\" width=\"1280\" \/>\r\n\t\t\t\t\t<\/a>\r\n\t\t\t\t\t<div class=\"caption\">\r\n\t\t\t\t\t\t<h3 class=\"video-title\">\u00bfC\u00f3mo es el proceso de trasplante para un donante?<\/h3>\r\n\t\t\t\t\t\t<p><p>Escucha las respuestas de tres profesionales m\u00e9dicos.<\/p>\n<\/p>\r\n\t\t\t\t\t\t\t\t\t\t\t<\/div>\r\n\t\t\t\t<\/div>\r\n\t\t\t<\/div>\r\n\t\t  \r\n\t\t\t\t\t\t\r\n\t\t\t<div class=\"col-sm-6 col-md-6\">\r\n\t\t\t\t<div class=\"thumbnail\">\r\n\t\t\t\t\t<a class=\"swipebox\" rel=\"video-114\" href=\"https:\/\/www.youtube.com\/watch?v=7BKRppNotVg\">\r\n\t\t\t\t\t\t<img decoding=\"async\" src=\"https:\/\/ermabombeckproject.org\/wp-content\/uploads\/video_images\/2023\/12\/hear-firsthand-experiences.jpg\" class=\"responsive video-thumb\" width=\"1280\" \/>\r\n                        <img decoding=\"async\" src=\"https:\/\/ermabombeckproject.org\/wp-content\/themes\/ermabombeck\/img\/play-btn.png\" class=\"responsive video-overlay-play\" width=\"1280\" \/>\r\n\t\t\t\t\t<\/a>\r\n\t\t\t\t\t<div class=\"caption\">\r\n\t\t\t\t\t\t<h3 class=\"video-title\">ESCUCHA EXPERIENCIAS DE PRIMERA MANO<\/h3>\r\n\t\t\t\t\t\t<p><p>Donantes vivos comparten c\u00f3mo fue el proceso para ellos.<\/p>\n<\/p>\r\n\t\t\t\t\t\t\t\t\t\t\t<\/div>\r\n\t\t\t\t<\/div>\r\n\t\t\t<\/div>\r\n\t\t  \r\n\t\t\t\t\t\t\t\t<\/div>\r\n\t\t<\/div><\/div>\n<h1 class=\"text-center\">DESCARGAR M\u00c1S INFORMACI\u00d3N<\/h1>\n<div class=\"editContent brochure-wrapper\" style=\"margin-top:40px;\">\n<div class=\"brochure-container\">\n<h2 style=\"color:#ffffff; text-align:center;width:100%;\">FOLLETO SOBRE ERMA<\/h2>\n<div class=\"brochure-btns\">\n                            <a href=\"https:\/\/ermabombeckproject.org\/wp-content\/uploads\/2023\/07\/Erma-Brochure_ENGLISH.pdf\" target=\"_blank\" class=\"btn btn-lg btn-primary\" style=\"\" rel=\"noopener\"><b>DESCARGAR EN<br \/>INGL\u00c9S<\/b><\/a> <a href=\"https:\/\/ermabombeckproject.org\/wp-content\/uploads\/2023\/07\/Erma-Brochure_SPANISH.pdf\" target=\"_blank\" class=\"btn btn-lg btn-primary\" style=\"\" rel=\"noopener\"><b>DESCARGAR EN<br \/>ESPA\u00d1OL<\/b><\/a>\n                        <\/div>\n<\/p><\/div>\n<div class=\"brochure-container\">\n<h2 style=\"color:#ffffff; text-align:center;width:100%;\">GU\u00cdA DEL DONANTE EN VIDA<\/h2>\n<div class=\"brochure-btns\">\n                        <a href=\"https:\/\/ermabombeckproject.org\/wp-content\/uploads\/2023\/07\/LivingDonorGuide_ENGLISH.pdf\" target=\"_blank\" class=\"btn btn-lg btn-primary\" style=\"\" rel=\"noopener\"><b>DESCARGAR EN<br \/>INGL\u00c9S<\/b><\/a> <a href=\"https:\/\/ermabombeckproject.org\/wp-content\/uploads\/2023\/07\/LivingDonorGuide_SPANISH.pdf\" target=\"_blank\" class=\"btn btn-lg btn-primary\" style=\"\" rel=\"noopener\"><b>DESCARGAR EN<br \/>ESPA\u00d1OL<\/b><\/a>\n                        <\/div>\n<\/p><\/div>\n<\/p><\/div>\n<h2 style=\"text-align: center;\"><strong>\u00bfEl donante y el receptor no son compatibles? Tu ri\u00f1on todav\u00eda puede ser clave.<br \/>\nDonaci\u00f3n cruzada y cadena de trasplantes.<\/strong><\/h2>\n<h3><\/h3>\n<p><img loading=\"lazy\" decoding=\"async\" class=\"size-full wp-image-109 aligncenter\" src=\"https:\/\/live-erma-bombeck.pantheonsite.io\/wp-content\/uploads\/2016\/03\/blog-1_2.jpg\" alt=\"blog-1_2\" width=\"920\" height=\"399\" srcset=\"https:\/\/ermabombeckproject.org\/wp-content\/uploads\/2016\/03\/blog-1_2.jpg 920w, https:\/\/ermabombeckproject.org\/wp-content\/uploads\/2016\/03\/blog-1_2-300x130.jpg 300w\" sizes=\"auto, (max-width: 920px) 100vw, 920px\" \/><\/p>\n<h3>Donaciones cruzadas<\/h3>\n<p>En la donaci\u00f3n cruzada de \u00f3rganos,  un donante intercambia su ri\u00f1\u00f3n con el donante vivo de otra pareja de donante y receptor incompatibles,  para as\u00ed crear dos pares compatibles. Si bien el donante original no donar\u00e1 directamente su ri\u00f1\u00f3n al receptor previsto, el intercambio con otro par incompatible permitir\u00e1 realizar dos trasplantes compatibles a la vez.<\/p>\n<p>Si deseas donar a un ser querido, pero no son compatibles, la donaci\u00f3n cruzada puede ser una opci\u00f3n para ustedes. Para obtener m\u00e1s informaci\u00f3n sobre la donaci\u00f3n cruzada, visita el sitio web de la\u00a0<a href=\"http:\/\/www.paireddonation.org\/\" target=\"_blank\" rel=\"noopener\">Alliance for Paired Donation<\/a> .<\/p>\n<h3><\/h3>\n<p><img loading=\"lazy\" decoding=\"async\" class=\"size-full wp-image-108 aligncenter\" src=\"https:\/\/live-erma-bombeck.pantheonsite.io\/wp-content\/uploads\/2016\/03\/blog-1_1.jpg\" alt=\"blog-1_1\" width=\"920\" height=\"553\" srcset=\"https:\/\/ermabombeckproject.org\/wp-content\/uploads\/2016\/03\/blog-1_1.jpg 920w, https:\/\/ermabombeckproject.org\/wp-content\/uploads\/2016\/03\/blog-1_1-300x180.jpg 300w\" sizes=\"auto, (max-width: 920px) 100vw, 920px\" \/><\/p>\n<h3>Cadena de trasplantes<\/h3>\n<p>Las cadenas de trasplantes funcionan de manera similar a las donaciones cruzadas ya que estas aprovechan a donantes sanos y dispuestos, pero incompatibles con su receptor. La cadena se inicia con un llamado donante no dirigido. Un donante no dirigido es alguien que ofrece donar un ri\u00f1\u00f3n sin un receptor designado, pero con el deseo expl\u00edcito de donarlo a alguien que necesite un trasplante.<\/p>\n<p>&nbsp;<\/p>","protected":false},"excerpt":{"rendered":"<p>Informaci\u00f3n sobre donantes vivos Existe una necesidad cr\u00edtica de donaci\u00f3n de ri\u00f1\u00f3n y los ri\u00f1ones tienen una ventaja \u00fanica: [\u2026]<\/p>","protected":false},"author":1,"featured_media":0,"parent":0,"menu_order":0,"comment_status":"closed","ping_status":"closed","template":"template-ld.php","meta":{"_acf_changed":false,"footnotes":""},"class_list":["post-24","page","type-page","status-publish","hentry"],"acf":[],"_links":{"self":[{"href":"https:\/\/ermabombeckproject.org\/es\/wp-json\/wp\/v2\/pages\/24","targetHints":{"allow":["GET"]}}],"collection":[{"href":"https:\/\/ermabombeckproject.org\/es\/wp-json\/wp\/v2\/pages"}],"about":[{"href":"https:\/\/ermabombeckproject.org\/es\/wp-json\/wp\/v2\/types\/page"}],"author":[{"embeddable":true,"href":"https:\/\/ermabombeckproject.org\/es\/wp-json\/wp\/v2\/users\/1"}],"replies":[{"embeddable":true,"href":"https:\/\/ermabombeckproject.org\/es\/wp-json\/wp\/v2\/comments?post=24"}],"version-history":[{"count":35,"href":"https:\/\/ermabombeckproject.org\/es\/wp-json\/wp\/v2\/pages\/24\/revisions"}],"predecessor-version":[{"id":251,"href":"https:\/\/ermabombeckproject.org\/es\/wp-json\/wp\/v2\/pages\/24\/revisions\/251"}],"wp:attachment":[{"href":"https:\/\/ermabombeckproject.org\/es\/wp-json\/wp\/v2\/media?parent=24"}],"curies":[{"name":"gracias","href":"https:\/\/api.w.org\/{rel}","templated":true}]}}