{"id":22,"date":"2016-03-03T15:18:24","date_gmt":"2016-03-03T22:18:24","guid":{"rendered":"https:\/\/live-erma-bombeck.pantheonsite.io\/?page_id=22"},"modified":"2016-03-29T09:27:14","modified_gmt":"2016-03-29T16:27:14","slug":"transplant-101","status":"publish","type":"page","link":"https:\/\/ermabombeckproject.org\/es\/transplant-101\/","title":{"rendered":"Trasplantes"},"content":{"rendered":"<h1 style=\"text-align: center;\"><strong>Informaci\u00f3n clave sobre trasplantes<br \/>\nDonante de ri\u00f1\u00f3n no vivo<\/strong><\/h1>\n<p><img loading=\"lazy\" decoding=\"async\" class=\"alignnone wp-image-163\" src=\"https:\/\/live-erma-bombeck.pantheonsite.io\/wp-content\/uploads\/2016\/03\/NKFAZ-Erma_Web_Banners_0004_iStock_000048804342_Large.jpg\" alt=\"NKFAZ-Erma_Web_Banners_0004_iStock_000048804342_Large\" width=\"1840\" height=\"552\" srcset=\"https:\/\/ermabombeckproject.org\/wp-content\/uploads\/2016\/03\/NKFAZ-Erma_Web_Banners_0004_iStock_000048804342_Large.jpg 920w, https:\/\/ermabombeckproject.org\/wp-content\/uploads\/2016\/03\/NKFAZ-Erma_Web_Banners_0004_iStock_000048804342_Large-300x90.jpg 300w\" sizes=\"auto, (max-width: 1840px) 100vw, 1840px\" \/><\/p>\n<h3>Datos sobre el trasplante de ri\u00f1\u00f3n \u2020<\/h3>\n<ul>\n<li>Cada a\u00f1o, miles de personas reciben trasplantes de ri\u00f1\u00f3n. Sin embargo, 13 personas mueren cada d\u00eda esperando un ri\u00f1\u00f3n, debido a la grave escasez de donantes.<\/li>\n<li>Desde 1988, m\u00e1s de 133.000 donantes vivos de ri\u00f1\u00f3n han entregado un regalo de vida.<\/li>\n<li>El tiempo promedio de espera para un primer trasplante renal es de 3,6 a\u00f1os.<\/li>\n<li>El n\u00famero de pacientes que espera un transplante renal  aumenta en 3.000 cada mes.<\/li>\n<li><span style=\"line-height: 1.5;\">Los largos tiempos de espera pueden afectar el \u00e9xito del trasplante e incluso deteriorar la salud de los pacientes y, en el peor de los casos, inhabilitarlos para recibir un trasplante de ri\u00f1\u00f3n.<\/span><\/li>\n<li>El n\u00famero de donantes vivos de ri\u00f1\u00f3n ha aumentado en un 240% en los \u00faltimos 25 a\u00f1os.<\/li>\n<\/ul>\n<p>\u2020<em>Informaci\u00f3n proporcionada por la United Network for Organ Sharing, <a href=\"http:\/\/www.UNOS.org\">www.UNOS.org<\/a>; y la National Kidney Foundation, <a href=\"http:\/\/www.kidney.org\">www.kidney.org<\/a><\/em><\/p>\n<h3>Donante de ri\u00f1\u00f3n no vivo<\/h3>\n<p>Ser donante de ri\u00f1\u00f3n no vivo significa que despu\u00e9s de tu fallecimiento, un m\u00e9dico puede extraer tus ri\u00f1ones para trasplantarlos a alguien que los necesite. 90% de los estadounidenses dice  apoyar la donaci\u00f3n de \u00f3rganos, pero s\u00f3lo un 33% toma las acciones necesarias para convertirse en donante.<\/p>\n<p>Los trasplantes de \u00f3rganos y tejidos ofrecen a muchos pacientes una nueva oportunidad de vivir una vida sana, productiva y normal: los ni\u00f1os pueden asistir a la escuela y participar en actividades extracurriculares, los adultos pueden regresar al trabajo, retomar sus estudios, ser padres y participar activamente en sus comunidades.<\/p>\n<p>La donaci\u00f3n de \u00f3rganos toma \u00f3rganos sanos de una persona y los trasplanta a otra. Es vital  que todos los potenciales donantes de \u00f3rganos informen a sus familias sobre  su deseo de donar.  Miles de personas reciben trasplantes de \u00f3rganos cada a\u00f1o, y miles m\u00e1s esperan con ansias su turno. Es importante compartir esta decisi\u00f3n con tu familia o seres queridos, para as\u00ed obtener su consentimiento cuando llegue el momento.<\/p>\n<p><strong>El Proyecto Erma Bombeck promueve los beneficios de la donaci\u00f3n de \u00f3rganos y tejidos y crea conciencia sobre los tres pasos m\u00e1s importantes para convertirse en donante:<\/strong><\/p>\n<ol>\n<li>Decidir ser donante de \u00f3rganos.<\/li>\n<li>Compartir la decisi\u00f3n con tu familia o seres queridos, quienes ser\u00e1n contactados en caso de una emergencia m\u00e9dica.<\/li>\n<li>Visitar el sitio web Donate Life America en <a href=\"http:\/\/www.DonateLife.net\" target=\"_blank\">www.DonateLife.net<\/a> para obtener m\u00e1s informaci\u00f3n y registrarte, o llamar al (804) 377-3580.<\/li>\n<\/ol>","protected":false},"excerpt":{"rendered":"<p>Transplante 101 y donaci\u00f3n de ri\u00f1\u00f3n muerto Datos sobre trasplante de ri\u00f1\u00f3n \u2020 Miles de personas reciben trasplantes de ri\u00f1\u00f3n cada a\u00f1o, sin embargo, 13 personas [\u2026]<\/p>","protected":false},"author":1,"featured_media":0,"parent":0,"menu_order":0,"comment_status":"closed","ping_status":"closed","template":"","meta":{"_acf_changed":false,"footnotes":""},"class_list":["post-22","page","type-page","status-publish","hentry"],"acf":[],"_links":{"self":[{"href":"https:\/\/ermabombeckproject.org\/es\/wp-json\/wp\/v2\/pages\/22","targetHints":{"allow":["GET"]}}],"collection":[{"href":"https:\/\/ermabombeckproject.org\/es\/wp-json\/wp\/v2\/pages"}],"about":[{"href":"https:\/\/ermabombeckproject.org\/es\/wp-json\/wp\/v2\/types\/page"}],"author":[{"embeddable":true,"href":"https:\/\/ermabombeckproject.org\/es\/wp-json\/wp\/v2\/users\/1"}],"replies":[{"embeddable":true,"href":"https:\/\/ermabombeckproject.org\/es\/wp-json\/wp\/v2\/comments?post=22"}],"version-history":[{"count":17,"href":"https:\/\/ermabombeckproject.org\/es\/wp-json\/wp\/v2\/pages\/22\/revisions"}],"predecessor-version":[{"id":198,"href":"https:\/\/ermabombeckproject.org\/es\/wp-json\/wp\/v2\/pages\/22\/revisions\/198"}],"wp:attachment":[{"href":"https:\/\/ermabombeckproject.org\/es\/wp-json\/wp\/v2\/media?parent=22"}],"curies":[{"name":"gracias","href":"https:\/\/api.w.org\/{rel}","templated":true}]}}