{"id":20,"date":"2016-03-03T15:18:07","date_gmt":"2016-03-03T22:18:07","guid":{"rendered":"https:\/\/live-erma-bombeck.pantheonsite.io\/?page_id=20"},"modified":"2026-02-09T03:59:41","modified_gmt":"2026-02-09T10:59:41","slug":"about","status":"publish","type":"page","link":"https:\/\/ermabombeckproject.org\/es\/about\/","title":{"rendered":"Acerca de Erma"},"content":{"rendered":"<p>&nbsp;<\/p>\n<h1 style=\"text-align: center;\">\u00bfQui\u00e9n fue Erma Bombeck?<\/h1>\n<p>&nbsp;<\/p>\n<p>Erma Bombeck (1927 - 1996) fue una columnista de humor reconocida a nivel nacional durante 30 a\u00f1os. Escritora independiente, autora de doce libros e invitada frecuente en el programa de televisi\u00f3n Good Morning America durante 11 a\u00f1os, fue  diagnosticada con Enfermedad Poliqu\u00edstica Renal a los 20 a\u00f1os. Erma fue miembro de la junta directiva de la Arizona Kidney Foundation  entre 1977 y 1980. En 1980, Erma y la Arizona Kidney Foundation Women's Board (Arizona Women's Board, en la actualidad) iniciaron la Junta Anual de Autores; la que se ha convertido en uno de los eventos de este tipo m\u00e1s grandes del pa\u00eds.<\/p>\n<p>Erma comenz\u00f3 su di\u00e1lisis peritoneal en 1993. Recibi\u00f3 un trasplante de ri\u00f1\u00f3n de un donate no vivo  el 3 de abril de 1996 y muri\u00f3 a causa de complicaciones m\u00e9dicas 19 d\u00edas despu\u00e9s.<\/p>\n<p>Para honrar su memoria y fomentar su legado, su familia cre\u00f3 un proyecto para la concientizaci\u00f3n y promoci\u00f3n de los beneficios de la donaci\u00f3n de \u00f3rganos  -The Erma Bombeck Organ Donor Awareness Project. Ahora, conocido simplemente como The Erma Bombeck Project; el objetivo sigue siendo la concientizaci\u00f3n sobre el registro de donantes de \u00f3rganos, adem\u00e1s de educar a la poblaci\u00f3n sobre la donaci\u00f3n de ri\u00f1\u00f3n en vida.<\/p>","protected":false},"excerpt":{"rendered":"<p>&nbsp; \u00bfQui\u00e9n fue Erma Bombeck? Erma Bombeck (1927 \u2013 1996) fue columnista de humor distribuida a nivel nacional durante 30 a\u00f1os, [\u2026]<\/p>","protected":false},"author":1,"featured_media":0,"parent":0,"menu_order":0,"comment_status":"closed","ping_status":"closed","template":"","meta":{"_acf_changed":false,"footnotes":""},"class_list":["post-20","page","type-page","status-publish","hentry"],"acf":[],"_links":{"self":[{"href":"https:\/\/ermabombeckproject.org\/es\/wp-json\/wp\/v2\/pages\/20","targetHints":{"allow":["GET"]}}],"collection":[{"href":"https:\/\/ermabombeckproject.org\/es\/wp-json\/wp\/v2\/pages"}],"about":[{"href":"https:\/\/ermabombeckproject.org\/es\/wp-json\/wp\/v2\/types\/page"}],"author":[{"embeddable":true,"href":"https:\/\/ermabombeckproject.org\/es\/wp-json\/wp\/v2\/users\/1"}],"replies":[{"embeddable":true,"href":"https:\/\/ermabombeckproject.org\/es\/wp-json\/wp\/v2\/comments?post=20"}],"version-history":[{"count":16,"href":"https:\/\/ermabombeckproject.org\/es\/wp-json\/wp\/v2\/pages\/20\/revisions"}],"predecessor-version":[{"id":378,"href":"https:\/\/ermabombeckproject.org\/es\/wp-json\/wp\/v2\/pages\/20\/revisions\/378"}],"wp:attachment":[{"href":"https:\/\/ermabombeckproject.org\/es\/wp-json\/wp\/v2\/media?parent=20"}],"curies":[{"name":"gracias","href":"https:\/\/api.w.org\/{rel}","templated":true}]}}