{"id":14,"date":"2016-03-03T15:12:36","date_gmt":"2016-03-03T22:12:36","guid":{"rendered":"https:\/\/live-erma-bombeck.pantheonsite.io\/?page_id=14"},"modified":"2016-03-23T16:12:48","modified_gmt":"2016-03-23T23:12:48","slug":"terms-of-use","status":"publish","type":"page","link":"https:\/\/ermabombeckproject.org\/es\/terms-of-use\/","title":{"rendered":"Condiciones de uso"},"content":{"rendered":"<p>ACUERDO ENTRE EL USUARIO Y EL PROYECTO ERMA BOMBECK.<\/p>\n<p>El Proyecto Erma Bombeck es un programa del <em>Fundaci\u00f3n Nacional del Ri\u00f1\u00f3n de Arizona<\/em> y se compone de varias p\u00e1ginas web operadas por The Erma Bombeck Project.<\/p>\n<p>El sitio web del Proyecto Erma Bombeck se le ofrece condicionado a la aceptaci\u00f3n sin modificaciones de los t\u00e9rminos, condiciones y avisos aqu\u00ed contenidos. Su uso del sitio web del Proyecto Erma Bombeck constituye su aceptaci\u00f3n de todos estos t\u00e9rminos, condiciones y avisos.<\/p>\n<p>MODIFICACI\u00d3N DE ESTOS T\u00c9RMINOS DE USO<\/p>\n<p>El Proyecto Erma Bombeck se reserva el derecho de cambiar los t\u00e9rminos, condiciones y avisos bajo los cuales se ofrece el sitio web del Proyecto Erma Bombeck, incluidos, entre otros, los cargos asociados con el uso del sitio web del Proyecto Erma Bombeck.<\/p>\n<p>ENLACES A SITIOS DE TERCEROS<\/p>\n<p>El sitio web del Proyecto Erma Bombeck puede contener enlaces a otros sitios web (\u201cSitios vinculados\u201d). Los Sitios vinculados no est\u00e1n bajo el control de The Erma Bombeck Project y The Erma Bombeck Project no es responsable del contenido de ning\u00fan Sitio vinculado, incluido, entre otros, cualquier v\u00ednculo contenido en un Sitio vinculado, o cualquier cambio o actualizaci\u00f3n de un Sitio vinculado. El Proyecto Erma Bombeck no es responsable de las transmisiones web ni de cualquier otra forma de transmisi\u00f3n recibida desde cualquier Sitio Vinculado. Proyecto Erma Bombeck proporciona estos v\u00ednculos s\u00f3lo para su conveniencia, y la inclusi\u00f3n de cualquier v\u00ednculo no implica aprobaci\u00f3n por parte de Proyecto Erma Bombeck del sitio, ni asociaci\u00f3n con sus operadores.<\/p>\n<p>NO USO ILEGAL O PROHIBIDO<\/p>\n<p>Como condici\u00f3n para su uso del sitio web del Proyecto Erma Bombeck, usted garantiza al Proyecto Erma Bombeck que no utilizar\u00e1 el sitio web del Proyecto Erma Bombeck para ning\u00fan prop\u00f3sito que sea ilegal o est\u00e9 prohibido por estos t\u00e9rminos, condiciones y avisos. No puede utilizar el sitio web del Proyecto Erma Bombeck de ninguna manera que pueda da\u00f1ar, deshabilitar, sobrecargar o deteriorar el sitio web del Proyecto Erma Bombeck o interferir con el uso y disfrute del sitio web del Proyecto Erma Bombeck por parte de terceros. No puede obtener ni intentar obtener ning\u00fan material o informaci\u00f3n a trav\u00e9s de ning\u00fan medio que no est\u00e9 disponible o proporcionado intencionalmente a trav\u00e9s de los sitios web del Proyecto Erma Bombeck.<\/p>\n<p>USO DE SERVICIOS DE COMUNICACI\u00d3N<\/p>\n<p>El sitio web del Proyecto Erma Bombeck puede contener servicios de tabl\u00f3n de anuncios, \u00e1reas de chat, grupos de noticias, foros, comunidades, p\u00e1ginas web personales, calendarios y\/u otros servicios de mensajer\u00eda o comunicaci\u00f3n dise\u00f1ados para permitirle comunicarse con el p\u00fablico en general o con un grupo. (colectivamente, \u201cServicios de comunicaci\u00f3n\u201d), usted acepta utilizar los Servicios de comunicaci\u00f3n solo para publicar, enviar y recibir mensajes y material que sean adecuados y est\u00e9n relacionados con el Servicio de comunicaci\u00f3n en particular. A modo de ejemplo, y no como limitaci\u00f3n, usted acepta que al utilizar un Servicio de comunicaci\u00f3n, no:<\/p>\n<ul>\n<li>Difamar, abusar, acosar, acechar, amenazar o violar de otro modo los derechos legales (como los derechos de privacidad y publicidad) de otros.<\/li>\n<li>Publicar, publicar, cargar, distribuir o difundir cualquier tema, nombre, material o informaci\u00f3n inapropiado, profano, difamatorio, infractor, obsceno, indecente o ilegal.<\/li>\n<li>Cargue archivos que contengan software u otro material protegido por leyes de propiedad intelectual (o por derechos de privacidad o publicidad) a menos que sea propietario o controle los derechos de los mismos o haya recibido todos los consentimientos necesarios.<\/li>\n<li>Cargue archivos que contengan virus, archivos corruptos o cualquier otro software o programas similares que puedan da\u00f1ar el funcionamiento de la computadora de otra persona.<\/li>\n<li>Publicitar u ofrecer vender o comprar bienes o servicios para cualquier fin comercial, a menos que dicho Servicio de comunicaci\u00f3n permita espec\u00edficamente dichos mensajes.<\/li>\n<li>Realizar o reenviar encuestas, concursos, esquemas piramidales o cartas en cadena.<\/li>\n<li>Descargue cualquier archivo publicado por otro usuario de un Servicio de comunicaci\u00f3n que usted sepa, o deber\u00eda saber razonablemente, que no puede distribuirse legalmente de esa manera.<\/li>\n<li>Falsificar o eliminar cualquier atribuci\u00f3n de autor, avisos legales u otros avisos adecuados o designaciones o etiquetas de propiedad del origen o fuente del software u otro material contenido en un archivo que se carga.<\/li>\n<li>Restringir o inhibir a cualquier otro usuario el uso y disfrute de los Servicios de Comunicaci\u00f3n.<\/li>\n<li>Violar cualquier c\u00f3digo de conducta u otras pautas que puedan ser aplicables para cualquier Servicio de Comunicaci\u00f3n en particular.<\/li>\n<li>Cosechar o recopilar de otro modo informaci\u00f3n sobre otros, incluidas direcciones de correo electr\u00f3nico, sin su consentimiento.<\/li>\n<li>Violar cualquier ley o reglamento aplicable.<\/li>\n<\/ul>\n<p>El Proyecto Erma Bombeck no tiene obligaci\u00f3n de monitorear los Servicios de Comunicaci\u00f3n. Sin embargo, The Erma Bombeck Project se reserva el derecho de revisar los materiales publicados en un Servicio de comunicaci\u00f3n y eliminarlos a su exclusivo criterio. El Proyecto Erma Bombeck se reserva el derecho de cancelar su acceso a cualquiera o todos los Servicios de Comunicaci\u00f3n en cualquier momento sin previo aviso y por cualquier motivo.<\/p>\n<p>El Proyecto Erma Bombeck se reserva el derecho en todo momento de revelar cualquier informaci\u00f3n que sea necesaria para cumplir con cualquier ley, regulaci\u00f3n, proceso legal o solicitud gubernamental aplicable, o de editar, negarse a publicar o eliminar cualquier informaci\u00f3n o material, en su totalidad o en parte. , a exclusivo criterio de The Erma Bombeck Project.<\/p>\n<p>Tenga siempre cuidado al proporcionar informaci\u00f3n de identificaci\u00f3n personal sobre usted o sus hijos en cualquier Servicio de comunicaci\u00f3n. El Proyecto Erma Bombeck no controla ni respalda el contenido, los mensajes o la informaci\u00f3n que se encuentran en ning\u00fan Servicio de Comunicaci\u00f3n y, por lo tanto, El Proyecto Erma Bombeck renuncia espec\u00edficamente a cualquier responsabilidad con respecto a los Servicios de Comunicaci\u00f3n y cualquier acci\u00f3n resultante de su participaci\u00f3n en cualquier Servicio de Comunicaci\u00f3n. Los administradores y anfitriones no son portavoces autorizados de Proyecto Erma Bombeck, y sus puntos de vista no necesariamente reflejan aquellos de Proyecto Erma Bombeck.<\/p>\n<p>Los materiales cargados en un Servicio de comunicaci\u00f3n pueden estar sujetos a limitaciones publicadas sobre su uso, reproducci\u00f3n y\/o difusi\u00f3n. Usted es responsable de cumplir con dichas limitaciones si descarga los materiales.<\/p>\n<p>MATERIALES SUMINISTRADOS AL PROYECTO ERMA BOMBECK O PUBLICADOS EN CUALQUIER SITIO WEB DEL PROYECTO ERMA BOMBECK<\/p>\n<p>El Proyecto Erma Bombeck no reclama la propiedad de los materiales que usted proporciona al Proyecto Erma Bombeck (incluidos comentarios y sugerencias) o publica, carga, ingresa o env\u00eda a cualquier sitio web del Proyecto Erma Bombeck o sus servicios asociados (colectivamente &quot;Presentaci\u00f3n&quot;). Sin embargo, al publicar, cargar, ingresar, proporcionar o enviar su Env\u00edo, usted otorga a The Erma Bombeck Project, a sus compa\u00f1\u00edas afiliadas y a los sublicenciatarios necesarios permiso para usar su Env\u00edo en relaci\u00f3n con la operaci\u00f3n de sus negocios en Internet, incluidos, entre otros, los derechos a : copiar, distribuir, transmitir, mostrar p\u00fablicamente, presentar p\u00fablicamente, reproducir, editar, traducir y reformatear su Env\u00edo; y publicar su nombre en relaci\u00f3n con su Env\u00edo.<\/p>\n<p>No se pagar\u00e1 ninguna compensaci\u00f3n con respecto al uso de su Env\u00edo, seg\u00fan lo dispuesto en este documento. El Proyecto Erma Bombeck no tiene ninguna obligaci\u00f3n de publicar o utilizar ning\u00fan Env\u00edo que usted pueda proporcionar y puede eliminar cualquier Env\u00edo en cualquier momento a su entera discreci\u00f3n.<\/p>\n<p>Al publicar, cargar, ingresar, proporcionar o enviar su Env\u00edo, usted garantiza y declara que posee o controla de otro modo todos los derechos sobre su Env\u00edo como se describe en esta secci\u00f3n, incluidos, entre otros, todos los derechos necesarios para que usted proporcione, publique, cargar, ingresar o enviar los Env\u00edos.<\/p>\n<p>RENUNCIA DE RESPONSABILIDAD<\/p>\n<p>La informaci\u00f3n, el software, los productos y los servicios incluidos o disponibles a trav\u00e9s del sitio web del Proyecto Erma Bombeck pueden incluir imprecisiones o errores tipogr\u00e1ficos. Peri\u00f3dicamente se agregan cambios a la informaci\u00f3n contenida en este documento. El Proyecto Erma Bombeck y\/o sus proveedores pueden realizar mejoras y\/o cambios en el sitio web del Proyecto Erma Bombeck en cualquier momento. No se debe confiar en los consejos recibidos a trav\u00e9s del sitio web del Proyecto Erma Bombeck para tomar decisiones personales, m\u00e9dicas, legales o financieras y usted debe consultar a un profesional apropiado para obtener consejos espec\u00edficos adaptados a su situaci\u00f3n.<\/p>\n<p>El Proyecto Erma Bombeck y\/o sus proveedores no hacen ninguna declaraci\u00f3n sobre la idoneidad, confiabilidad, disponibilidad, puntualidad y exactitud de la informaci\u00f3n, software, productos, servicios y gr\u00e1ficos relacionados contenidos en el sitio web del Proyecto Erma Bombeck para ning\u00fan prop\u00f3sito. En la m\u00e1xima medida permitida por la ley aplicable, toda la informaci\u00f3n, software, productos, servicios y gr\u00e1ficos relacionados se proporcionan &quot;tal cual&quot; sin garant\u00eda ni condici\u00f3n de ning\u00fan tipo. El Proyecto Erma Bombeck y\/o sus proveedores por la presente renuncian a todas las garant\u00edas y condiciones con respecto a esta informaci\u00f3n, software, productos, servicios y gr\u00e1ficos relacionados, incluidas todas las garant\u00edas o condiciones impl\u00edcitas de comerciabilidad, idoneidad para un prop\u00f3sito particular, t\u00edtulo y no infracci\u00f3n. .<\/p>\n<p>En la m\u00e1xima medida permitida por la ley aplicable, en ning\u00fan caso The Erma Bombeck Project y\/o sus proveedores ser\u00e1n responsables de ning\u00fan da\u00f1o directo, indirecto, punitivo, incidental, especial, consecuente o cualquier da\u00f1o de cualquier tipo, incluidos, entre otros, da\u00f1os por p\u00e9rdida. de uso, datos o ganancias, que surjan de o de alguna manera est\u00e9n relacionados con el uso o desempe\u00f1o del sitio web del Proyecto Erma Bombeck, con el retraso o la imposibilidad de usar el sitio web del Proyecto Erma Bombeck o servicios relacionados, la provisi\u00f3n o falta de provisi\u00f3n servicios, o por cualquier informaci\u00f3n, software, productos, servicios y gr\u00e1ficos relacionados obtenidos a trav\u00e9s del sitio web del Proyecto Erma Bombeck, o que surjan del uso del sitio web del Proyecto Erma Bombeck, ya sea por contrato, agravio, negligencia, responsabilidad estricta o de otro modo. , incluso si The Erma Bombeck Project o cualquiera de sus proveedores han sido advertidos de la posibilidad de da\u00f1os. Debido a que algunos estados\/jurisdicciones no permiten la exclusi\u00f3n o limitaci\u00f3n de responsabilidad por da\u00f1os consecuentes o incidentales, es posible que la limitaci\u00f3n anterior no se aplique a usted. Si no est\u00e1 satisfecho con alguna parte del sitio web del Proyecto Erma Bombeck, o con cualquiera de estos t\u00e9rminos de uso, su \u00fanica y exclusiva soluci\u00f3n es dejar de utilizar el sitio web del Proyecto Erma Bombeck.<\/p>\n<p>Contacto de servicio:\u00a0<em>\u2013 <a href=\"mailto:ErmaBombeckProject@azkidney.org\">ErmaBombeckProject@azkidney.org<\/a><\/em><\/p>\n<p>TERMINACI\u00d3N\/RESTRICCI\u00d3N DE ACCESO<\/p>\n<p>El Proyecto Erma Bombeck se reserva el derecho, a su entera discreci\u00f3n, de cancelar su acceso al sitio web del Proyecto Erma Bombeck y los servicios relacionados o cualquier parte de los mismos en cualquier momento, sin previo aviso. GENERAL En la medida m\u00e1xima permitida por la ley, este acuerdo se rige por las leyes del estado de Washington, EE. UU. y por la presente usted acepta la jurisdicci\u00f3n y competencia exclusivas de los tribunales del condado de King, Washington, EE. UU. en todas las disputas que surjan o est\u00e9n relacionadas al uso del sitio web del Proyecto Erma Bombeck. El uso del sitio web del Proyecto Erma Bombeck no est\u00e1 autorizado en ninguna jurisdicci\u00f3n que no d\u00e9 efecto a todas las disposiciones de estos t\u00e9rminos y condiciones, incluido, entre otros, este p\u00e1rrafo. Usted acepta que no existe ninguna empresa conjunta, sociedad, empleo o relaci\u00f3n de agencia entre usted y The Erma Bombeck Project como resultado de este acuerdo o el uso del sitio web de The Erma Bombeck Project. El cumplimiento de este acuerdo por parte del Proyecto Erma Bombeck est\u00e1 sujeto a las leyes y procesos legales existentes, y nada de lo contenido en este acuerdo constituye una derogaci\u00f3n del derecho del Proyecto Erma Bombeck a cumplir con las solicitudes o requisitos gubernamentales, judiciales y policiales relacionados con su uso de El Sitio web del Proyecto Erma Bombeck o informaci\u00f3n proporcionada o recopilada por el Proyecto Erma Bombeck con respecto a dicho uso. Si se determina que alguna parte de este acuerdo es inv\u00e1lida o inaplicable de conformidad con la ley aplicable, incluidas, entre otras, las renuncias de garant\u00eda y las limitaciones de responsabilidad establecidas anteriormente, entonces la disposici\u00f3n inv\u00e1lida o inaplicable se considerar\u00e1 reemplazada por una disposici\u00f3n v\u00e1lida y ejecutable. que m\u00e1s se acerque a la intenci\u00f3n de la disposici\u00f3n original y el resto del acuerdo continuar\u00e1 en vigor. A menos que se especifique lo contrario en este documento, este acuerdo constituye el acuerdo completo entre el usuario y The Erma Bombeck Project con respecto al sitio web de The Erma Bombeck Project y reemplaza todas las comunicaciones y propuestas anteriores o contempor\u00e1neas, ya sean electr\u00f3nicas, orales o escritas, entre el usuario y The Proyecto Erma Bombeck con respecto al sitio web del Proyecto Erma Bombeck. Una versi\u00f3n impresa de este acuerdo y de cualquier notificaci\u00f3n dada en formato electr\u00f3nico ser\u00e1 admisible en procedimientos judiciales o administrativos basados en o relacionados con este acuerdo en la misma medida y sujeto a las mismas condiciones que otros documentos y registros comerciales originalmente generados y mantenidos en formulario impreso. Es el deseo expreso de las partes que este acuerdo y todos los documentos relacionados se redacten en ingl\u00e9s.<\/p>\n<p>AVISOS DE DERECHOS DE AUTOR Y MARCAS COMERCIALES:<\/p>\n<p>Todo el contenido del sitio web del Proyecto Erma Bombeck es: Copyright 2016 del Proyecto Erma Bombeck y\/o sus proveedores. Reservados todos los derechos.<\/p>\n<p>MARCAS COMERCIALES<\/p>\n<p>Los nombres de empresas y productos reales mencionados en este documento pueden ser marcas comerciales de sus respectivos propietarios.<\/p>\n<p>Los ejemplos de empresas, organizaciones, productos, personas y eventos descritos aqu\u00ed son ficticios. No se pretende ni debe inferirse ninguna asociaci\u00f3n con ninguna empresa, organizaci\u00f3n, producto, persona o evento real.<\/p>\n<p>Todos los derechos no otorgados expresamente en este documento est\u00e1n reservados.<\/p>\n<p>AVISOS Y PROCEDIMIENTO PARA PRESENTAR RECLAMACIONES POR INFRACCI\u00d3N DE DERECHOS DE AUTOR<\/p>\n<p>De conformidad con el T\u00edtulo 17, C\u00f3digo de los Estados Unidos, Secci\u00f3n 512(c)(2), las notificaciones de presuntas infracciones de derechos de autor seg\u00fan la ley de derechos de autor de los Estados Unidos deben enviarse al Agente designado del Proveedor de servicios. Todas las consultas que no sean relevantes para el siguiente procedimiento no recibir\u00e1n respuesta. Consulte Aviso y procedimiento para presentar reclamaciones por infracci\u00f3n de derechos de autor.<\/p>\n<p>&nbsp;<\/p>","protected":false},"excerpt":{"rendered":"<p>ACUERDO ENTRE EL USUARIO Y EL PROYECTO ERMA BOMBECK. El Proyecto Erma Bombeck es un programa de la Fundaci\u00f3n Nacional del Ri\u00f1\u00f3n de Arizona [\u2026]<\/p>","protected":false},"author":1,"featured_media":0,"parent":0,"menu_order":0,"comment_status":"closed","ping_status":"closed","template":"","meta":{"_acf_changed":false,"footnotes":""},"class_list":["post-14","page","type-page","status-publish","hentry"],"acf":[],"_links":{"self":[{"href":"https:\/\/ermabombeckproject.org\/es\/wp-json\/wp\/v2\/pages\/14","targetHints":{"allow":["GET"]}}],"collection":[{"href":"https:\/\/ermabombeckproject.org\/es\/wp-json\/wp\/v2\/pages"}],"about":[{"href":"https:\/\/ermabombeckproject.org\/es\/wp-json\/wp\/v2\/types\/page"}],"author":[{"embeddable":true,"href":"https:\/\/ermabombeckproject.org\/es\/wp-json\/wp\/v2\/users\/1"}],"replies":[{"embeddable":true,"href":"https:\/\/ermabombeckproject.org\/es\/wp-json\/wp\/v2\/comments?post=14"}],"version-history":[{"count":7,"href":"https:\/\/ermabombeckproject.org\/es\/wp-json\/wp\/v2\/pages\/14\/revisions"}],"predecessor-version":[{"id":192,"href":"https:\/\/ermabombeckproject.org\/es\/wp-json\/wp\/v2\/pages\/14\/revisions\/192"}],"wp:attachment":[{"href":"https:\/\/ermabombeckproject.org\/es\/wp-json\/wp\/v2\/media?parent=14"}],"curies":[{"name":"gracias","href":"https:\/\/api.w.org\/{rel}","templated":true}]}}