{"id":10,"date":"2016-03-03T15:11:58","date_gmt":"2016-03-03T22:11:58","guid":{"rendered":"https:\/\/live-erma-bombeck.pantheonsite.io\/?page_id=10"},"modified":"2016-03-23T16:24:38","modified_gmt":"2016-03-23T23:24:38","slug":"privacy-statement","status":"publish","type":"page","link":"https:\/\/ermabombeckproject.org\/es\/privacy-statement\/","title":{"rendered":"Declaracion de privacidad"},"content":{"rendered":"<p>El Proyecto Erma Bombeck, un programa del <em>Fundaci\u00f3n Nacional del Ri\u00f1\u00f3n de Arizona<\/em>, se compromete a proteger su privacidad y desarrollar tecnolog\u00eda que le brinde la experiencia en l\u00ednea m\u00e1s poderosa y segura. Esta Declaraci\u00f3n de Privacidad se aplica al sitio web del Proyecto Erma Bombeck y rige la recopilaci\u00f3n y el uso de datos. Al utilizar el sitio Proyecto Erma Bombeck, usted acepta las pr\u00e1cticas utilizadas en relaci\u00f3n a los datos que se describen en esta declaraci\u00f3n.<\/p>\n<p><em>Recopilaci\u00f3n de su informaci\u00f3n personal<\/em><\/p>\n<p>El Proyecto Erma Bombeck recopila informaci\u00f3n de identificaci\u00f3n personal, como su direcci\u00f3n de correo electr\u00f3nico, nombre, direcci\u00f3n de casa o del trabajo o n\u00famero de tel\u00e9fono. El Proyecto Erma Bombeck tambi\u00e9n recaba informaci\u00f3n demogr\u00e1fica an\u00f3nima, en el sentido que no es aplicable s\u00f3lo a Usted, como por ejemplo el c\u00f3digo postal, edad, sexo, preferencias, intereses y favoritos.<\/p>\n<p>Tambi\u00e9n contiene informaci\u00f3n acerca del hardware y software de su computadora que es autom\u00e1ticamente recopilada porThe Erma Bombeck Project. Esta informaci\u00f3n puede incluir: su direcci\u00f3n IP, tipo de navegador, nombres de dominio, tiempos de acceso y direcciones de sitios web de referencia. Esta informaci\u00f3n es utilizada por The Erma Bombeck Project para la operaci\u00f3n del servicio, para mantener la calidad del servicio y para proporcionar estad\u00edsticas generales sobre el uso del sitio web de The Erma Bombeck Project.<\/p>\n<p>Por favor tenga en cuenta que si usted divulga directamente informaci\u00f3n de identificaci\u00f3n personal o datos privados a trav\u00e9s de los foros p\u00fablicos de mensajes de The Erma Bombeck Project, esta informaci\u00f3n puede ser recopilada y utilizada por otros. Nota: El Proyecto Erma Bombeck no lee ninguna de sus comunicaciones privadas en l\u00ednea.<\/p>\n<p>El Proyecto Erma Bombeck lo alienta a revisar las declaraciones de privacidad de los sitios web a los que elige vincularse desde el Proyecto Erma Bombeck para que pueda comprender c\u00f3mo esos sitios web recopilan, usan y comparten su informaci\u00f3n. El Proyecto Erma Bombeck no es responsable de las declaraciones de privacidad u otro contenido de los sitios web fuera del Proyecto Erma Bombeck y de la familia de sitios web del Proyecto Erma Bombeck.<\/p>\n<p><em>Uso de su informaci\u00f3n personal<\/em><\/p>\n<p>El Proyecto Erma Bombeck recopila y utiliza su informaci\u00f3n personal para operar el sitio web del Proyecto Erma Bombeck y brindar los servicios que ha solicitado. El Proyecto Erma Bombeck tambi\u00e9n utiliza su informaci\u00f3n de identificaci\u00f3n personal para informarle sobre otros productos o servicios disponibles en El Proyecto Erma Bombeck y sus afiliados. El Proyecto Erma Bombeck tambi\u00e9n puede contactarlo a trav\u00e9s de encuestas para realizar investigaciones sobre su opini\u00f3n sobre los servicios actuales o sobre posibles nuevos servicios que puedan ofrecerse.<\/p>\n<p>El Proyecto Erma Bombeckno tiene que vender, alquilar o ceder sus listas de clientes a terceros. Espor\u00e1dicamente Proyecto Erma Bombeck puede contactarlo de parte de socios de negocios externos para ofrecerle alguna oferta particular que pueda ser de su inter\u00e9s. En esos casos, su informaci\u00f3n de identificaci\u00f3n personal \u00fanica (correo electr\u00f3nico, nombre, direcci\u00f3n, n\u00famero de tel\u00e9fono) no se transfiere a terceros. Adem\u00e1s, el Proyecto Erma Bombeck puede compartir datos con socios confiables para ayudarnos a realizar an\u00e1lisis estad\u00edsticos, enviarle correo electr\u00f3nico o postal, brindarle atenci\u00f3n al cliente u organizar las entregas. Todos estos terceros tienen prohibido utilizar su informaci\u00f3n personal, excepto para proporcionar estos servicios a The Erma Bombeck Project, y deben mantener la confidencialidad de su informaci\u00f3n.<\/p>\n<p>El Proyecto Erma Bombeck no utiliza ni divulga informaci\u00f3n personal privada como raza, religi\u00f3n o afiliaciones pol\u00edticas sin su consentimiento expl\u00edcito.<\/p>\n<p>El Proyecto Erma Bombeck realiza un seguimiento de los sitios web y las p\u00e1ginas que visitan nuestros clientes dentro del Proyecto Erma Bombeck, para determinar cu\u00e1les son los servicios del Proyecto Erma Bombeck m\u00e1s populares. Estos datos se utilizan para ofrecer contenido y publicidad personalizados dentro de The Erma Bombeck Project a clientes cuyo comportamiento indica que est\u00e1n interesados en un \u00e1rea tem\u00e1tica en particular.<\/p>\n<p>Los sitios web del Proyecto Erma Bombeck divulgar\u00e1n su informaci\u00f3n personal, sin previo aviso, solo si as\u00ed lo exige la ley o si cree de buena fe que dicha acci\u00f3n es necesaria para: (a) cumplir con los edictos de la ley o cumplir con un proceso legal servido en el Proyecto Erma Bombeck o en el sitio; (b) proteger y defender los derechos o la propiedad del Proyecto Erma Bombeck; y (c) actuar bajo circunstancias extremas para proteger la seguridad personal de los usuarios de The Erma Bombeck Project, o del p\u00fablico.<\/p>\n<p><em>Uso de cookies<\/em><\/p>\n<p>El sitio web del Proyecto Erma Bombeck utiliza &quot;cookies&quot; para ayudarlo a personalizar su experiencia en l\u00ednea. Una cookie es un archivo de texto que un servidor de p\u00e1ginas web coloca en su disco duro. Las cookies no se pueden utilizar para ejecutar programas ni enviar virus a su computadora. Las cookies se le asignan exclusivamente a usted y solo pueden ser le\u00eddas por un servidor web en el dominio que le emiti\u00f3 la cookie.<\/p>\n<p>Uno de los prop\u00f3sitos principales de las cookies es brindarle una funci\u00f3n conveniente para ahorrarle tiempo. El prop\u00f3sito de una cookie es informar al servidor web que ha regresado a una p\u00e1gina espec\u00edfica. Por ejemplo, si personaliza las p\u00e1ginas de The Erma Bombeck Project o se registra en el sitio o en los servicios de The Erma Bombeck Project, una cookie ayuda a The Erma Bombeck Project a recordar su informaci\u00f3n espec\u00edfica en visitas posteriores. Esto simplifica el proceso de registro de su informaci\u00f3n personal, como direcciones de facturaci\u00f3n, direcciones de env\u00edo, etc. Cuando regresa al mismo sitio web de The Erma Bombeck Project, se puede recuperar la informaci\u00f3n que proporcion\u00f3 anteriormente, para que pueda utilizar f\u00e1cilmente las funciones de The Erma Bombeck Project que personaliz\u00f3.<\/p>\n<p>Tiene la posibilidad de aceptar o rechazar las cookies. La mayor\u00eda de los navegadores web aceptan cookies autom\u00e1ticamente, pero normalmente puede modificar la configuraci\u00f3n de su navegador para rechazarlas si lo prefiere. Si elige rechazar las cookies, es posible que no pueda experimentar plenamente las caracter\u00edsticas interactivas de los servicios de The Erma Bombeck Project o los sitios web que visite.<\/p>\n<p><em>Seguridad de su informaci\u00f3n personal<\/em><\/p>\n<p>El Proyecto Erma Bombeck protege su informaci\u00f3n personal frente al acceso, uso o divulgaci\u00f3n no autorizados. El Proyecto Erma Bombeck mantiene la informaci\u00f3n de identificaci\u00f3n personal que Usted haya provisto, en servidores ubicados en un ambiente controlado y seguro, protegidos del acceso, uso o divulgaci\u00f3n no autorizados. Cuando la informaci\u00f3n personal (como un n\u00famero de tarjeta de cr\u00e9dito) se transmite a otros sitios web, se protege mediante el uso de cifrado, como el protocolo Secure Socket Layer (SSL).<\/p>\n<p><em>Cambios a esta declaraci\u00f3n<\/em><\/p>\n<p>El Proyecto Erma Bombeck ocasionalmente actualizar\u00e1 esta Declaraci\u00f3n de Privacidad para reflejar los comentarios de la compa\u00f1\u00eda y de los clientes. El Proyecto Erma Bombeck lo alienta a revisar peri\u00f3dicamente esta Declaraci\u00f3n para estar informado de c\u00f3mo el Proyecto Erma Bombeck protege su informaci\u00f3n.<\/p>\n<p><em>Informaci\u00f3n del contacto<\/em><\/p>\n<p>El Proyecto Erma Bombeck agradece sus comentarios relacionados con esta Declaraci\u00f3n de Privacidad. Si cree que el Proyecto Erma Bombeck no se ha adherido a esta Declaraci\u00f3n, comun\u00edquese con el Proyecto Erma Bombeck al\u00a0<a href=\"mailto:ErmaBombeckProject@azkidney.org\">ErmaBombeckProject@azkidney.org<\/a>. Haremos todos los esfuerzos comercialmente razonables para determinar y solucionar el problema r\u00e1pidamente.<\/p>\n<p>&nbsp;<\/p>","protected":false},"excerpt":{"rendered":"<p>El Proyecto Erma Bombeck, un programa de la Fundaci\u00f3n Nacional del Ri\u00f1\u00f3n de Arizona, se compromete a proteger su privacidad y [\u2026]<\/p>","protected":false},"author":1,"featured_media":0,"parent":0,"menu_order":0,"comment_status":"closed","ping_status":"closed","template":"","meta":{"_acf_changed":false,"footnotes":""},"class_list":["post-10","page","type-page","status-publish","hentry"],"acf":[],"_links":{"self":[{"href":"https:\/\/ermabombeckproject.org\/es\/wp-json\/wp\/v2\/pages\/10","targetHints":{"allow":["GET"]}}],"collection":[{"href":"https:\/\/ermabombeckproject.org\/es\/wp-json\/wp\/v2\/pages"}],"about":[{"href":"https:\/\/ermabombeckproject.org\/es\/wp-json\/wp\/v2\/types\/page"}],"author":[{"embeddable":true,"href":"https:\/\/ermabombeckproject.org\/es\/wp-json\/wp\/v2\/users\/1"}],"replies":[{"embeddable":true,"href":"https:\/\/ermabombeckproject.org\/es\/wp-json\/wp\/v2\/comments?post=10"}],"version-history":[{"count":7,"href":"https:\/\/ermabombeckproject.org\/es\/wp-json\/wp\/v2\/pages\/10\/revisions"}],"predecessor-version":[{"id":194,"href":"https:\/\/ermabombeckproject.org\/es\/wp-json\/wp\/v2\/pages\/10\/revisions\/194"}],"wp:attachment":[{"href":"https:\/\/ermabombeckproject.org\/es\/wp-json\/wp\/v2\/media?parent=10"}],"curies":[{"name":"gracias","href":"https:\/\/api.w.org\/{rel}","templated":true}]}}